{"id":433,"date":"2024-05-22T09:45:06","date_gmt":"2024-05-22T09:45:06","guid":{"rendered":"https:\/\/castello-di-granarola.ms2.decms.eu\/?page_id=433"},"modified":"2024-05-22T09:51:50","modified_gmt":"2024-05-22T09:51:50","slug":"privacy-policy","status":"publish","type":"page","link":"https:\/\/www.castellodigranarola.it\/en\/privacy-policy\/","title":{"rendered":"Privacy Policy"},"content":{"rendered":"<p><strong>INFORMATIVA CLIENTI IN MATERIA DI PROTEZIONE DEI DATI PERSONALI<\/strong><br \/>\nai sensi dell\u2019art. 13 del Decreto Legislativo 30 Giugno 2003, n. 196 (di seguito \u201cCodice della Privacy\u201d)? ARTHA S.R.L. (di seguito \u201cTitolare del Trattamento\u201d o \u201cTitolare\u201d o \u201cCastello di Granarola\u201d) si impegna costantemente per tutelare la privacy on-line dei suoi utenti.<\/p>\n<p>Questo documento le permetter\u00e0 di conoscere la nostra politica sulla privacy per capire come le sue informazioni personali vengono gestite quando utilizza il Servizio Castello di Granarola. Le ricordiamo che nelle varie sezioni del sito web Castello di Granarola (di seguito \u201cwww.castellodigranarola.it\u201d) ove raccogliamo i suoi dati personali \u00e8 pubblicata l\u2019informativa ai sensi dell\u2019art. 13 del Codice della Privacy per sua necessaria presa visione prima della fornitura dei dati richiesti. Per trattamento di dati personali intendiamo qualunque operazione o complesso di operazioni, effettuati anche senza l\u2019ausilio di strumenti elettronici, concernenti la raccolta, la registrazione, l\u2019organizzazione, la conservazione, la consultazione, l\u2019elaborazione, la modificazione, la selezione, l\u2019estrazione, il raffronto, l\u2019utilizzo, l\u2019interconnessione, il blocco, la comunicazione, la diffusione, la cancellazione e la distruzione di dati, anche se non registrati in una banca di dati. Secondo le norme del Codice, i trattamenti effettuati dal Titolare saranno improntati ai principi di correttezza, liceit\u00e0 e trasparenza e di tutela della sua riservatezza e dei suoi diritti.<\/p>\n<p><strong>Finalit\u00e0 del trattamento<\/strong><br \/>\nIl trattamento che il Titolare intende effettuare ha la finalit\u00e0 di consentire l\u2019erogazione del Servizio Castello di Granarola richiesto dall\u2019utente con la registrazione e la creazione del proprio profilo, inclusa la raccolta, la conservazione e l\u2019elaborazione dei dati ai fini dell\u2019instaurazione e della successiva gestione operativa, tecnica ed amministrativa del rapporto (e del profilo creato dall\u2019utente) connesso all\u2019erogazione del Servizio Castello di Granarola e l\u2019effettuazione di comunicazioni relative allo svolgimento del rapporto instaurato. I dati raccolti presso gli utenti, oggetto del trattamento, sono trattati ed utilizzati direttamente per adempiere a finalit\u00e0 strumentali al compimento dell\u2019attivit\u00e0 quali: poter dare seguito alla sua richiesta di prenotazione, con riferimento alla elaborazione della richiesta e agli adempimenti, anche di legge, amministrativi, contabili e fiscali connessi alla prenotazione; per verificare la completezza, la validit\u00e0 e correttezza dei dati forniti, anche al fine di evitare truffe informatiche; per poter gestire la corrispondenza, le comunicazioni e segnalazioni di servizio con Lei; l\u2019accesso alle promozioni presenti e future.Inoltre, Castello di Granarola pu\u00f2 utilizzare i dati che La riguardano, previo Suo necessario ed esplicito consenso, per le finalit\u00e0 funzionali alle attivit\u00e0 di seguito elencate: invio materiale pubblicitario\/promozionale; utilizzo dei dati per l\u2019invio, di attivit\u00e0 di direct mailing e direct e-mailing al fine di inviarle avvisi relativi alle nostre attivit\u00e0 e per fornirle servizi ulteriori e personalizzati; utilizzo dei dati per l\u2019invio, di attivit\u00e0 di direct mailing e direct e-mailing con finalit\u00e0 commerciali o pubblicitarie dei servizi promossi da ARTHA S.R.L. ricerche di mercato; attivit\u00e0 di analisi di mercato, indagini economico\/statistiche (mediante l\u2019analisi dei dati relativi alle Sue preferenze rispetto ai nostri prodotti, alla frequenza delle Sue prenotazioni, o alle Sue richieste in relazione alle prenotazioni effettuate).<\/p>\n<p>I dati personali potranno essere oggetto di trattamento anche per la finalit\u00e0 di consentire la navigazione e la consultazione del Sito.<\/p>\n<p>L\u2019Utilizzo dei Dati per ulteriori finalit\u00e0 da parte del Titolare potrebbe, in alcuni casi e per specifiche legislazioni di riferimento, richiedere il consenso dell\u2019Utente o dell\u2019Interessato Modalit\u00e0 del trattamento Il trattamento viene effettuato prevalentemente mediante strumenti informatici con modalit\u00e0 organizzative strettamente correlate alle finalit\u00e0 del Servizio Castello di Granarola Oltre al titolare, in alcuni casi, potrebbero avere accesso ai Dati soggetti esterni (come fornitori di servizi tecnici terzi, corrieri postali, hosting provider, societ\u00e0 informatiche, agenzie di comunicazione). L\u2019elenco aggiornato dei soggetti potr\u00e0 sempre essere richiesto al Titolare del Trattamento. Comunicazione e diffusione dei dati personali I suoi dati personali potranno essere comunicati a: produttori agricoli per la vendita diretta dei loro prodotti e per assolvere ad obblighi di legge, contabili e fiscali; persone o aziende di trasporto per organizzare il Servizio di Consegna all\u2019indirizzo dal lei indicato; persone, societ\u00e0 o studi professionali che prestano attivit\u00e0 di assistenza e consulenza a Castello di Granarola in materia contabile, amministrativa, legale, tributaria e finanziaria relativamente alla erogazione dei Servizi; soggetti, enti od autorit\u00e0 a cui la comunicazione dei suoi dati personali sia obbligatoria in forza di disposizioni di legge o di ordini delle autorit\u00e0; soggetti delegati e\/o incaricati da Castello di Granarola di svolgere attivit\u00e0 strettamente correlate alla erogazione del Servizio ed alla manutenzione tecnica (inclusa la manutenzione degli apparati di rete e delle reti di comunicazione elettronica come fornitori di servizi tecnici terzi, corrieri postali, hosting provider, societ\u00e0 informatiche, agenzie di comunicazione); l\u2019elenco aggiornato dei soggetti potr\u00e0 sempre essere richiesto al Titolare del Trattamento. \u00c8 implicito che laddove lei decida di utilizzare il Servizio per diffondere consapevolmente sulla rete Internet particolari informazioni che la riguardano, tale ipotesi non costituisce diffusione da parte del titolare del trattamento. ARTHA S.R.L. pu\u00f2 utilizzare i dati dell\u2019utente a fini promozionali, per inviare informazioni sugli articoli offerti del sito internet www.castellodigranarola.it L\u2019indirizzo e-mail dell\u2019utente sar\u00e0 utilizzato esclusivamente nei limiti prescritti dalla normativa applicabile. L\u2019utente ricever\u00e0 regolarmente mediante e-mail consigli sugli acquisti. \u00c8 possibile interrompere gratuitamente l\u2019invio dei suddetti messaggi promozionali, facendone richiesta via e-mail a info@castellodigranarola.it o, ancora, cliccando sull\u2019opzione \u201ccancellami dalla newsletter\u201d presente in ogni e-mail promozionale.<\/p>\n<p><strong>Facoltativit\u00e0 od obbligatoriet\u00e0 del consenso<\/strong><\/p>\n<p>Il conferimento dei dati \u00e8 facoltativo per tutto quanto concerne l\u2019attivazione del Servizio (registrazione, mantenimento tecnico del profilo, consegne etc), ma l\u2019eventuale mancato conferimento dei dati personali comporterebbe l\u2019impossibilit\u00e0 di attivare i Servizi richiesti.<\/p>\n<p><strong>Dati di navigazione<\/strong><br \/>\nI sistemi informatici e le procedure software preposte al funzionamento del sito www.castellodigranarola.it acquisiscono, nel corso del loro normale esercizio, alcuni dati personali la cui trasmissione \u00e8 implicita nell\u2019uso dei protocolli di comunicazione di Internet. Si tratta di informazioni che non sono raccolte per essere associate a interessati identificati, ma che per loro stessa natura potrebbero, attraverso elaborazioni ed associazioni con dati detenuti da terzi, permettere di identificare gli utenti.<\/p>\n<p><strong>Cookies<\/strong><br \/>\nPer permettere al sito di riconoscere i propri utenti, vengono utilizzati appositi cookie. I cookie sono piccole porzioni di dati che permettono di confrontare i visitatori nuovi e di capire come gli utenti navigano nel sito. Vengono utilizzati i dati raccolti grazie ai cookie per rendere pi\u00f9 efficiente la navigazione. I cookie non registrano alcuna informazione personale degli utenti e gli eventuali dati identificabili non vengono memorizzati. L\u2019utente pu\u00f2 configurare in qualsiasi momento il proprio browser in modo che rifiuti i cookies o segnali l\u2019eventuale invio di un cookie. A tal fine, ciascun utente pu\u00f2 trovare le informazioni necessarie a disabilitare i cookies nelle funzioni del proprio browser. La disattivazione in alcuni siti web della funzione cookies pu\u00f2 impedire in alcuni casi il funzionamento corretto della stessa pagina web. Le tipologie di cookies esistenti.<\/p>\n<p><strong>Cookie indispensabili<\/strong><br \/>\nQuesti cookie sono essenziali al fine di consentire di navigare nel sito ed utilizzare le sue caratteristiche, come ad esempio accedere alle varie aree protette del sito. Senza questi cookie alcuni servizi non potrebbero essere fruibili. Performance cookie?Questi cookie non raccolgono informazioni che identificano un visitatore. La loro funzione \u00e8 di raccogliere informazioni sull\u2019utilizzo del sito web ed eventuali problemi riscontrati, come ad esempio, messaggi di errore da pagine web. Tutte le informazioni raccolte tramite cookie sono aggregate e quindi anonime. Vengono utilizzati per migliorare il funzionamento del sito web. Visitando il sito del Castello di Granarola l\u2019utente accetta tacitamente che tali cookie vengano installati sul proprio dispositivo. Cookie di funzionalit\u00e0?I cookie consentono al sito di ricordare le scelte fatte dall\u2019utente (come il nome, la lingua o la regione di provenienza), mantengono attive le sessioni di navigazione e forniscono funzionalit\u00e0 avanzate. Questi cookie offrono la possibilit\u00e0 di ricordare le modifiche apportate alla dimensione del testo, font ed altre parti di pagine web personalizzabili. Essi possono anche essere utilizzati per fornire servizi richiesti. Le informazioni raccolte da questi tipi di cookie possono essere rese anonime e non in grado di monitorare la vostra attivit\u00e0 di navigazione su altri siti web. Visitando il sito www.castellodigranarola.it l\u2019utente accetta tacitamente che tali cookie vengano installati sul proprio dispositivo.<\/p>\n<p><strong>Cookie pubblicitari o di profilazione<\/strong><br \/>\nQuesto tipo di cookie \u00e8 usato per personalizzare le informazioni di natura commerciale in base ai tuoi interessi al fine di inviare messaggi pubblicitari in linea con le preferenze manifestate durante la navigazione. Tali cookies memorizzano ci\u00f2 che hai visitato su un dato sito internet e le relative informazioni possono essere condivise con altri soggetti. Cookie di terze parti?Per informazioni sull\u2019uso dei dati e sul loro trattamento da parte di Google si raccomanda di visitare la seguente pagina: Norme sulla Privacy.<\/p>\n<p>Informazioni su come i visitatori possono disattivare l\u2019utilizzo dei cookie da parte di Google, sono presenti alla pagina: Preferenze annunci di Google.<\/p>\n<p><strong>Disabilitare i cookie<\/strong><br \/>\nI cookies sono collegati al browser utilizzato e POSSONO ESSERE DISABILITATI DIRETTAMENTE DAL BROWSER, cos\u00ec rifiutando\/revocando il consenso all\u2019uso dei cookies. Occorre tenere presente che la disabilitazione dei cookies potrebbe impedire il corretto utilizzo di alcune funzioni del sito stesso. Le istruzioni per la disabilitazione dei cookies si trovano alle seguenti pagine web:<br \/>\nMozilla Firefox<br \/>\nWindows Internet Explorer<br \/>\nGoogle Chrome<br \/>\nOpera<br \/>\nApple Safari<\/p>\n<p>Il presente sito incorpora anche plugin e\/o bottoni per i social network, al fine di consentire una facile condivisione dei contenuti sui vostri social network preferiti. Tali plugin non impostano un cookie, ma se esso \u00e8 gi\u00e0 presente sul computer del visitatore sono in grado di leggerlo ed utilizzarlo secondo le sue impostazioni. La raccolta e l\u2019uso delle informazioni da parte di tali terzi sono regolati dalle rispettive informative privacy alle quali si prega di fare riferimento.<\/p>\n<p>Facebook<br \/>\nInstagram<br \/>\nYouTube<\/p>\n<p><strong>Titolare del trattamento<\/strong><br \/>\nTitolare del trattamento \u00e8 ARTHA S.R.L., con sede legale Via Libert\u00e0, 2 \u2013 47841 Cattolica (RN) iscritta presso il Registro delle Imprese di Rimini, n. 325791, codice fiscale e P. IVA 03168980401. La lista aggiornata dei responsabili dei trattamenti potr\u00e0 essere consultata al seguente recapito con sede legale ia Libert\u00e0, 2 \u2013 47841 Cattolica (RN).<\/p>\n<p><strong>Termini di conservazione<\/strong><br \/>\nI dati saranno conservati e trattati per tutta la durata dei rapporti contrattuali instaurati ed anche successivamente per l\u2019espletamento delle finalit\u00e0 commerciali e nel rispetto delle norme di legge.Natura del conferimento e conseguenze del rifiuto a rispondere Il conferimento dei dati \u00e8 necessario per poter dare seguito alle richieste di acquisto e\/o prenotazione e per verificare la completezza, la validit\u00e0 e la correttezza dei dati forniti. Un rifiuto alla dazione del dato comporter\u00e0 obbligatoriamente la cessazione di ogni qualsivoglia rapporto non consentendo il trattamento dei dati. Il conferimento dei dati per le restanti finalit\u00e0, quali invio materiale pubblicitario\/promozionale e le ricerche di mercato \u00e8 facoltativo: un Suo eventuale rifiuto comporter\u00e0 l\u2019impossibilit\u00e0 per ARTHA S.R.L. di dare seguito alle relative attivit\u00e0.<\/p>\n","protected":false},"excerpt":{"rendered":"<p>INFORMATIVA CLIENTI IN MATERIA DI PROTEZIONE DEI DATI PERSONALI ai sensi dell\u2019art. 13 del Decreto Legislativo 30 Giugno 2003, n. 196 (di seguito \u201cCodice della Privacy\u201d)? ARTHA S.R.L. (di seguito \u201cTitolare del Trattamento\u201d o \u201cTitolare\u201d o \u201cCastello di Granarola\u201d) si impegna costantemente per tutelare la privacy on-line dei suoi utenti. Questo documento le permetter\u00e0 di [&hellip;]<\/p>\n","protected":false},"author":13,"featured_media":0,"parent":0,"menu_order":90,"comment_status":"closed","ping_status":"closed","template":"template-privacy.php","meta":{"footnotes":""},"categories":[],"class_list":["post-433","page","type-page","status-publish","hentry"],"yoast_head":"<!-- This site is optimized with the Yoast SEO plugin v27.3 - https:\/\/yoast.com\/product\/yoast-seo-wordpress\/ -->\n<title>Privacy Policy - Castello di Granarola - Adults Friendly - Gradara<\/title>\n<meta name=\"description\" content=\"INFORMATIVA CLIENTI IN MATERIA DI PROTEZIONE DEI DATI PERSONALI ai sensi dell\u2019art. 13 del Decreto Legislativo 30 Giugno 2003, n\" \/>\n<meta name=\"robots\" content=\"index, follow, max-snippet:-1, max-image-preview:large, max-video-preview:-1\" \/>\n<link rel=\"canonical\" href=\"https:\/\/www.castellodigranarola.it\/en\/privacy-policy\/\" \/>\n<meta property=\"og:locale\" content=\"en_US\" \/>\n<meta property=\"og:type\" content=\"article\" \/>\n<meta property=\"og:title\" content=\"Privacy Policy - Castello di Granarola - Adults Friendly - Gradara\" \/>\n<meta property=\"og:description\" content=\"INFORMATIVA CLIENTI IN MATERIA DI PROTEZIONE DEI DATI PERSONALI ai sensi dell\u2019art. 13 del Decreto Legislativo 30 Giugno 2003, n\" \/>\n<meta property=\"og:url\" content=\"https:\/\/www.castellodigranarola.it\/en\/privacy-policy\/\" \/>\n<meta property=\"og:site_name\" content=\"Castello di Granarola\" \/>\n<meta property=\"article:modified_time\" content=\"2024-05-22T09:51:50+00:00\" \/>\n<meta property=\"og:image\" content=\"https:\/\/www.castellodigranarola.it\/wp-content\/uploads\/sites\/141\/2024\/05\/castello_di_granarola_home_slide01.jpg\" \/>\n\t<meta property=\"og:image:width\" content=\"1350\" \/>\n\t<meta property=\"og:image:height\" content=\"900\" \/>\n\t<meta property=\"og:image:type\" content=\"image\/jpeg\" \/>\n<meta name=\"twitter:card\" content=\"summary_large_image\" \/>\n<meta name=\"twitter:label1\" content=\"Est. reading time\" \/>\n\t<meta name=\"twitter:data1\" content=\"8 minutes\" \/>\n<script type=\"application\/ld+json\" class=\"yoast-schema-graph\">{\"@context\":\"https:\\\/\\\/schema.org\",\"@graph\":[{\"@type\":\"WebPage\",\"@id\":\"https:\\\/\\\/www.castellodigranarola.it\\\/en\\\/privacy-policy\\\/\",\"url\":\"https:\\\/\\\/www.castellodigranarola.it\\\/en\\\/privacy-policy\\\/\",\"name\":\"Privacy Policy - Castello di Granarola - Adults Friendly - Gradara\",\"isPartOf\":{\"@id\":\"https:\\\/\\\/www.castellodigranarola.it\\\/en\\\/#website\"},\"datePublished\":\"2024-05-22T09:45:06+00:00\",\"dateModified\":\"2024-05-22T09:51:50+00:00\",\"description\":\"INFORMATIVA CLIENTI IN MATERIA DI PROTEZIONE DEI DATI PERSONALI ai sensi dell\u2019art. 13 del Decreto Legislativo 30 Giugno 2003, n\",\"breadcrumb\":{\"@id\":\"https:\\\/\\\/www.castellodigranarola.it\\\/en\\\/privacy-policy\\\/#breadcrumb\"},\"inLanguage\":\"en-US\",\"potentialAction\":[{\"@type\":\"ReadAction\",\"target\":[\"https:\\\/\\\/www.castellodigranarola.it\\\/en\\\/privacy-policy\\\/\"]}]},{\"@type\":\"BreadcrumbList\",\"@id\":\"https:\\\/\\\/www.castellodigranarola.it\\\/en\\\/privacy-policy\\\/#breadcrumb\",\"itemListElement\":[{\"@type\":\"ListItem\",\"position\":1,\"name\":\"Home\",\"item\":\"https:\\\/\\\/www.castellodigranarola.it\\\/en\\\/\"},{\"@type\":\"ListItem\",\"position\":2,\"name\":\"Privacy Policy\"}]},{\"@type\":\"WebSite\",\"@id\":\"https:\\\/\\\/www.castellodigranarola.it\\\/en\\\/#website\",\"url\":\"https:\\\/\\\/www.castellodigranarola.it\\\/en\\\/\",\"name\":\"Castello di Granarola\",\"description\":\"\",\"potentialAction\":[{\"@type\":\"SearchAction\",\"target\":{\"@type\":\"EntryPoint\",\"urlTemplate\":\"https:\\\/\\\/www.castellodigranarola.it\\\/en\\\/?s={search_term_string}\"},\"query-input\":{\"@type\":\"PropertyValueSpecification\",\"valueRequired\":true,\"valueName\":\"search_term_string\"}}],\"inLanguage\":\"en-US\"}]}<\/script>\n<!-- \/ Yoast SEO plugin. -->","yoast_head_json":{"title":"Privacy Policy - Castello di Granarola - Adults Friendly - Gradara","description":"INFORMATIVA CLIENTI IN MATERIA DI PROTEZIONE DEI DATI PERSONALI ai sensi dell\u2019art. 13 del Decreto Legislativo 30 Giugno 2003, n","robots":{"index":"index","follow":"follow","max-snippet":"max-snippet:-1","max-image-preview":"max-image-preview:large","max-video-preview":"max-video-preview:-1"},"canonical":"https:\/\/www.castellodigranarola.it\/en\/privacy-policy\/","og_locale":"en_US","og_type":"article","og_title":"Privacy Policy - Castello di Granarola - Adults Friendly - Gradara","og_description":"INFORMATIVA CLIENTI IN MATERIA DI PROTEZIONE DEI DATI PERSONALI ai sensi dell\u2019art. 13 del Decreto Legislativo 30 Giugno 2003, n","og_url":"https:\/\/www.castellodigranarola.it\/en\/privacy-policy\/","og_site_name":"Castello di Granarola","article_modified_time":"2024-05-22T09:51:50+00:00","og_image":[{"width":1350,"height":900,"url":"https:\/\/www.castellodigranarola.it\/wp-content\/uploads\/sites\/141\/2024\/05\/castello_di_granarola_home_slide01.jpg","type":"image\/jpeg"}],"twitter_card":"summary_large_image","twitter_misc":{"Est. reading time":"8 minutes"},"schema":{"@context":"https:\/\/schema.org","@graph":[{"@type":"WebPage","@id":"https:\/\/www.castellodigranarola.it\/en\/privacy-policy\/","url":"https:\/\/www.castellodigranarola.it\/en\/privacy-policy\/","name":"Privacy Policy - Castello di Granarola - Adults Friendly - Gradara","isPartOf":{"@id":"https:\/\/www.castellodigranarola.it\/en\/#website"},"datePublished":"2024-05-22T09:45:06+00:00","dateModified":"2024-05-22T09:51:50+00:00","description":"INFORMATIVA CLIENTI IN MATERIA DI PROTEZIONE DEI DATI PERSONALI ai sensi dell\u2019art. 13 del Decreto Legislativo 30 Giugno 2003, n","breadcrumb":{"@id":"https:\/\/www.castellodigranarola.it\/en\/privacy-policy\/#breadcrumb"},"inLanguage":"en-US","potentialAction":[{"@type":"ReadAction","target":["https:\/\/www.castellodigranarola.it\/en\/privacy-policy\/"]}]},{"@type":"BreadcrumbList","@id":"https:\/\/www.castellodigranarola.it\/en\/privacy-policy\/#breadcrumb","itemListElement":[{"@type":"ListItem","position":1,"name":"Home","item":"https:\/\/www.castellodigranarola.it\/en\/"},{"@type":"ListItem","position":2,"name":"Privacy Policy"}]},{"@type":"WebSite","@id":"https:\/\/www.castellodigranarola.it\/en\/#website","url":"https:\/\/www.castellodigranarola.it\/en\/","name":"Castello di Granarola","description":"","potentialAction":[{"@type":"SearchAction","target":{"@type":"EntryPoint","urlTemplate":"https:\/\/www.castellodigranarola.it\/en\/?s={search_term_string}"},"query-input":{"@type":"PropertyValueSpecification","valueRequired":true,"valueName":"search_term_string"}}],"inLanguage":"en-US"}]}},"acf":[],"_links":{"self":[{"href":"https:\/\/www.castellodigranarola.it\/en\/wp-json\/wp\/v2\/pages\/433","targetHints":{"allow":["GET"]}}],"collection":[{"href":"https:\/\/www.castellodigranarola.it\/en\/wp-json\/wp\/v2\/pages"}],"about":[{"href":"https:\/\/www.castellodigranarola.it\/en\/wp-json\/wp\/v2\/types\/page"}],"author":[{"embeddable":true,"href":"https:\/\/www.castellodigranarola.it\/en\/wp-json\/wp\/v2\/users\/13"}],"replies":[{"embeddable":true,"href":"https:\/\/www.castellodigranarola.it\/en\/wp-json\/wp\/v2\/comments?post=433"}],"version-history":[{"count":0,"href":"https:\/\/www.castellodigranarola.it\/en\/wp-json\/wp\/v2\/pages\/433\/revisions"}],"wp:attachment":[{"href":"https:\/\/www.castellodigranarola.it\/en\/wp-json\/wp\/v2\/media?parent=433"}],"wp:term":[{"taxonomy":"category","embeddable":true,"href":"https:\/\/www.castellodigranarola.it\/en\/wp-json\/wp\/v2\/categories?post=433"}],"curies":[{"name":"wp","href":"https:\/\/api.w.org\/{rel}","templated":true}]}}